{"id":505,"date":"2022-04-06T15:04:42","date_gmt":"2022-04-06T13:04:42","guid":{"rendered":"http:\/\/engineerlab.de\/?page_id=505"},"modified":"2022-04-06T15:54:34","modified_gmt":"2022-04-06T13:54:34","slug":"fusion-360-cam","status":"publish","type":"page","link":"https:\/\/engineerlab.de\/?page_id=505","title":{"rendered":"Fusion 360 &#8211; CAM"},"content":{"rendered":"<h1>Fr\u00e4sparameter f\u00fcr Holz Siebdruckplatte, MDF, etc&#8230;<\/h1>\n<h1>2D &#8211; Adaptive Clearing<\/h1>\n<p>Um Toleranzen in der Dicke des zu bearbeitenden Material auszugleichen ist es sinnvoll, ein geringes axiales Rohteil-Aufma\u00df einzustellen. Damit wird sichergestellt, das der Fr\u00e4ser durch das Material kommt.<br \/>\nDurchg\u00e4nge: Axiales Rohteilaufma\u00df: -0.5<\/p>\n<p><img loading=\"lazy\" class=\"alignnone size-medium wp-image-522\" src=\"http:\/\/engineerlab.de\/wp-content\/uploads\/2022\/04\/ax_rohteil_aufmass-147x300.png\" alt=\"\" width=\"147\" height=\"300\" srcset=\"https:\/\/engineerlab.de\/wp-content\/uploads\/2022\/04\/ax_rohteil_aufmass-147x300.png 147w, https:\/\/engineerlab.de\/wp-content\/uploads\/2022\/04\/ax_rohteil_aufmass.png 200w\" sizes=\"(max-width: 147px) 85vw, 147px\" \/><\/p>\n<p><a href=\"https:\/\/forums.autodesk.com\/t5\/fusion-360-deutsch\/cam-kreise-werden-um-1mm-zu-klein-gefrast\/m-p\/9166975#M15313\" target=\"_blank\" rel=\"noopener\">Rohteilaufma\u00df Erkl\u00e4rungen und Folgen<\/a><\/p>\n<p><a href=\"https:\/\/www.tugz.ovgu.de\/tugz_media\/MakerLabs\/Einstellungen\/CNC_Portalfraese\/Anleitung_CAM_Autodesk_Fusion_NTG-p-3520.pdf\" target=\"_blank\" rel=\"noopener\">CAM Tips<\/a><\/p>\n<p><a href=\"https:\/\/openlab-hamburg.de\/wp-content\/uploads\/2020\/09\/Anleitung-v11.pdf\" target=\"_blank\" rel=\"noopener\">CAM Tips Tricks<\/a><\/p>\n","protected":false},"excerpt":{"rendered":"<p>Fr\u00e4sparameter f\u00fcr Holz Siebdruckplatte, MDF, etc&#8230; 2D &#8211; Adaptive Clearing Um Toleranzen in der Dicke des zu bearbeitenden Material auszugleichen ist es sinnvoll, ein geringes axiales Rohteil-Aufma\u00df einzustellen. Damit wird sichergestellt, das der Fr\u00e4ser durch das Material kommt. Durchg\u00e4nge: Axiales Rohteilaufma\u00df: -0.5 Rohteilaufma\u00df Erkl\u00e4rungen und Folgen CAM Tips CAM Tips Tricks<\/p>\n","protected":false},"author":1,"featured_media":0,"parent":0,"menu_order":0,"comment_status":"closed","ping_status":"closed","template":"","meta":[],"_links":{"self":[{"href":"https:\/\/engineerlab.de\/index.php?rest_route=\/wp\/v2\/pages\/505"}],"collection":[{"href":"https:\/\/engineerlab.de\/index.php?rest_route=\/wp\/v2\/pages"}],"about":[{"href":"https:\/\/engineerlab.de\/index.php?rest_route=\/wp\/v2\/types\/page"}],"author":[{"embeddable":true,"href":"https:\/\/engineerlab.de\/index.php?rest_route=\/wp\/v2\/users\/1"}],"replies":[{"embeddable":true,"href":"https:\/\/engineerlab.de\/index.php?rest_route=%2Fwp%2Fv2%2Fcomments&post=505"}],"version-history":[{"count":12,"href":"https:\/\/engineerlab.de\/index.php?rest_route=\/wp\/v2\/pages\/505\/revisions"}],"predecessor-version":[{"id":526,"href":"https:\/\/engineerlab.de\/index.php?rest_route=\/wp\/v2\/pages\/505\/revisions\/526"}],"wp:attachment":[{"href":"https:\/\/engineerlab.de\/index.php?rest_route=%2Fwp%2Fv2%2Fmedia&parent=505"}],"curies":[{"name":"wp","href":"https:\/\/api.w.org\/{rel}","templated":true}]}}