{"id":137,"date":"2018-08-09T11:33:26","date_gmt":"2018-08-09T09:33:26","guid":{"rendered":"http:\/\/seccam.bplaced.net\/?page_id=137"},"modified":"2018-10-13T09:56:31","modified_gmt":"2018-10-13T07:56:31","slug":"eagle-cad","status":"publish","type":"page","link":"https:\/\/engineerlab.de\/?page_id=137","title":{"rendered":"Eagle CAD"},"content":{"rendered":"<p><strong>Bestimmte Layer mit Hilfe von Shortcuts einblenden\/ausblenden:<br \/>\n<\/strong><br \/>\nBeliebiges Board Layout \u00f6ffnen. Anschlie\u00dfend auf den Reiter &#8222;Optionen &gt;&gt; Tastenbelegung..&#8220;<br \/>\nIm neu ge\u00f6ffneten Tastenbelegungs-Fenster auf den Button &#8222;Neu&#8220; klicken.<\/p>\n<p>Anschlie\u00dfend einer Taste z. B. F1 folgendes zuweisen &#8222;display none; display 1 17 18&#8220;<\/p>\n<p>(Quelle: https:\/\/i2.wp.com\/www.blog.jay-greco.com\/wp\/wp-content\/uploads\/2016\/04\/Screen-Shot-2016-04-05-at-9.08.08-PM.png?w=652)<br \/>\n<img src=\"https:\/\/i2.wp.com\/www.blog.jay-greco.com\/wp\/wp-content\/uploads\/2016\/04\/Screen-Shot-2016-04-05-at-9.08.08-PM.png?w=652\" alt=\"https:\/\/i2.wp.com\/www.blog.jay-greco.com\/wp\/wp-content\/uploads\/2016\/04\/Screen-Shot-2016-04-05-at-9.08.08-PM.png?w=652\" \/><\/p>\n<p>Zur Erkl\u00e4rung:<br \/>\nMit dem ersten Befehl &#8222;diplay none&#8220; werden alle Layer ausglebendet. Mit dem zweiten Befehl werden mit Hilfe der Zahlen die jeweiligen Layer eingeblendet. Die Zahl 1 steht beispielsweise f\u00fcr den TOP-Layer.<\/p>\n<p><strong>Top-Layer:<\/strong><br \/>\ndisplay none; display 1 17 18 20 21 25 39<\/p>\n<p><strong>Bottom Layer:<\/strong><br \/>\ndisplay none; display 16 17 18 20 22 26 40<\/p>\n<p><strong>Best\u00fcckungsdruck TOP-Seite:<\/strong><br \/>\ndisplay none; display 20 21 25 51<\/p>\n<p><strong>Best\u00fcckungsdruck BOTTOM-Seite:<\/strong><br \/>\ndisplay none; display 20 22 26 52<\/p>\n<hr \/>\n<p>Kriechstrecken in Eagle messen:<\/p>\n<p>Verbindung mittels des &#8222;Line&#8220; Befehls zwischen zwei Punkten zeichnen. Anschlie\u00dfen in die Kommandozeile &#8222;run length [name der Linie]&#8220;<\/p>\n<p>Ein Beispiel:<br \/>\nDie gezeichnete Linie hei\u00dft N$15 &gt;&gt; run length N$15<br \/>\nAnschlie\u00dfend wird die L\u00e4nge der Linie angegeben.<\/p>\n<figure id=\"attachment_199\" aria-describedby=\"caption-attachment-199\" style=\"width: 680px\" class=\"wp-caption alignnone\"><a href=\"http:\/\/seccam.bplaced.net\/wp-content\/uploads\/2018\/10\/kriechstrecke_length.png\"><img loading=\"lazy\" class=\"size-full wp-image-199\" src=\"http:\/\/seccam.bplaced.net\/wp-content\/uploads\/2018\/10\/kriechstrecke_length.png\" alt=\"\" width=\"680\" height=\"357\" srcset=\"https:\/\/engineerlab.de\/wp-content\/uploads\/2018\/10\/kriechstrecke_length.png 680w, https:\/\/engineerlab.de\/wp-content\/uploads\/2018\/10\/kriechstrecke_length-300x158.png 300w\" sizes=\"(max-width: 680px) 85vw, 680px\" \/><\/a><figcaption id=\"caption-attachment-199\" class=\"wp-caption-text\">Beispiel zur Ermittlung der Krichstrecke zwischen zwei Punkten<\/figcaption><\/figure>\n<hr \/>\n<p>&nbsp;<\/p>\n","protected":false},"excerpt":{"rendered":"<p>Bestimmte Layer mit Hilfe von Shortcuts einblenden\/ausblenden: Beliebiges Board Layout \u00f6ffnen. Anschlie\u00dfend auf den Reiter &#8222;Optionen &gt;&gt; Tastenbelegung..&#8220; Im neu ge\u00f6ffneten Tastenbelegungs-Fenster auf den Button &#8222;Neu&#8220; klicken. Anschlie\u00dfend einer Taste z. B. F1 folgendes zuweisen &#8222;display none; display 1 17 18&#8220; (Quelle: https:\/\/i2.wp.com\/www.blog.jay-greco.com\/wp\/wp-content\/uploads\/2016\/04\/Screen-Shot-2016-04-05-at-9.08.08-PM.png?w=652) Zur Erkl\u00e4rung: Mit dem ersten Befehl &#8222;diplay none&#8220; werden alle Layer ausglebendet. &hellip; <a href=\"https:\/\/engineerlab.de\/?page_id=137\" class=\"more-link\"><span class=\"screen-reader-text\">&#8222;Eagle CAD&#8220; <\/span>weiterlesen<\/a><\/p>\n","protected":false},"author":1,"featured_media":0,"parent":0,"menu_order":0,"comment_status":"closed","ping_status":"closed","template":"","meta":[],"_links":{"self":[{"href":"https:\/\/engineerlab.de\/index.php?rest_route=\/wp\/v2\/pages\/137"}],"collection":[{"href":"https:\/\/engineerlab.de\/index.php?rest_route=\/wp\/v2\/pages"}],"about":[{"href":"https:\/\/engineerlab.de\/index.php?rest_route=\/wp\/v2\/types\/page"}],"author":[{"embeddable":true,"href":"https:\/\/engineerlab.de\/index.php?rest_route=\/wp\/v2\/users\/1"}],"replies":[{"embeddable":true,"href":"https:\/\/engineerlab.de\/index.php?rest_route=%2Fwp%2Fv2%2Fcomments&post=137"}],"version-history":[{"count":9,"href":"https:\/\/engineerlab.de\/index.php?rest_route=\/wp\/v2\/pages\/137\/revisions"}],"predecessor-version":[{"id":200,"href":"https:\/\/engineerlab.de\/index.php?rest_route=\/wp\/v2\/pages\/137\/revisions\/200"}],"wp:attachment":[{"href":"https:\/\/engineerlab.de\/index.php?rest_route=%2Fwp%2Fv2%2Fmedia&parent=137"}],"curies":[{"name":"wp","href":"https:\/\/api.w.org\/{rel}","templated":true}]}}